{"id":2242,"date":"2025-09-27T15:18:08","date_gmt":"2025-09-27T15:18:08","guid":{"rendered":"https:\/\/ranchgaucho.com\/?page_id=2242"},"modified":"2025-12-09T10:21:24","modified_gmt":"2025-12-09T10:21:24","slug":"voucher-regalo","status":"publish","type":"page","link":"https:\/\/ranchgaucho.com\/de\/voucher-regalo\/","title":{"rendered":"Geschenkgutschein"},"content":{"rendered":"<div data-elementor-type=\"wp-page\" data-elementor-id=\"2242\" class=\"elementor elementor-2242\" data-elementor-post-type=\"page\">\n\t\t\t\t\t\t<section class=\"elementor-section elementor-top-section elementor-element elementor-element-16826ceb elementor-section-boxed elementor-section-height-default elementor-section-height-default\" data-id=\"16826ceb\" data-element_type=\"section\" data-e-type=\"section\" data-settings=\"{&quot;wdt_bg_image&quot;:{&quot;url&quot;:&quot;&quot;,&quot;id&quot;:&quot;&quot;,&quot;size&quot;:&quot;&quot;},&quot;wdt_bg_image_laptop&quot;:{&quot;url&quot;:&quot;&quot;,&quot;id&quot;:&quot;&quot;,&quot;size&quot;:&quot;&quot;},&quot;wdt_bg_image_tablet_extra&quot;:{&quot;url&quot;:&quot;&quot;,&quot;id&quot;:&quot;&quot;,&quot;size&quot;:&quot;&quot;},&quot;wdt_bg_image_tablet&quot;:{&quot;url&quot;:&quot;&quot;,&quot;id&quot;:&quot;&quot;,&quot;size&quot;:&quot;&quot;},&quot;wdt_bg_image_mobile_extra&quot;:{&quot;url&quot;:&quot;&quot;,&quot;id&quot;:&quot;&quot;,&quot;size&quot;:&quot;&quot;},&quot;wdt_bg_image_mobile&quot;:{&quot;url&quot;:&quot;&quot;,&quot;id&quot;:&quot;&quot;,&quot;size&quot;:&quot;&quot;},&quot;wdt_bg_position&quot;:&quot;center center&quot;,&quot;wdt_animation_effect&quot;:&quot;none&quot;}\">\n\t\t\t\t\t\t<div class=\"elementor-container elementor-column-gap-no\">\n\t\t\t\t\t<div class=\"wdt-sticky-column elementor-column elementor-col-50 elementor-top-column elementor-element elementor-element-269b7412\" data-wdt-settings=\"{&quot;id&quot;:&quot;269b7412&quot;,&quot;sticky&quot;:true,&quot;topSpacing&quot;:50,&quot;bottomSpacing&quot;:50,&quot;stickyOn&quot;:[&quot;desktop&quot;,&quot;laptop&quot;,&quot;tablet_extra&quot;],&quot;overflowHidden&quot;:false}\" data-id=\"269b7412\" data-element_type=\"column\" data-e-type=\"column\">\n\t\t\t<div class=\"elementor-widget-wrap elementor-element-populated\">\n\t\t\t\t\t\t<div class=\"elementor-element elementor-element-030916a elementor-widget elementor-widget-image\" data-id=\"030916a\" data-element_type=\"widget\" data-e-type=\"widget\" data-settings=\"{&quot;wdt_animation_effect&quot;:&quot;none&quot;}\" data-widget_type=\"image.default\">\n\t\t\t\t<div class=\"elementor-widget-container\">\n\t\t\t\t\t\t\t\t\t\t\t\t\t\t\t<img fetchpriority=\"high\" decoding=\"async\" width=\"1024\" height=\"760\" src=\"https:\/\/ranchgaucho.com\/wp-content\/uploads\/2025\/09\/Pagina-Web-1-1024x760.jpg\" class=\"attachment-large size-large wp-image-2245\" alt=\"\" srcset=\"https:\/\/ranchgaucho.com\/wp-content\/uploads\/2025\/09\/Pagina-Web-1-1024x760.jpg 1024w, https:\/\/ranchgaucho.com\/wp-content\/uploads\/2025\/09\/Pagina-Web-1-300x223.jpg 300w, https:\/\/ranchgaucho.com\/wp-content\/uploads\/2025\/09\/Pagina-Web-1-768x570.jpg 768w, https:\/\/ranchgaucho.com\/wp-content\/uploads\/2025\/09\/Pagina-Web-1-1536x1141.jpg 1536w, https:\/\/ranchgaucho.com\/wp-content\/uploads\/2025\/09\/Pagina-Web-1-2048x1521.jpg 2048w, https:\/\/ranchgaucho.com\/wp-content\/uploads\/2025\/09\/Pagina-Web-1-16x12.jpg 16w, https:\/\/ranchgaucho.com\/wp-content\/uploads\/2025\/09\/Pagina-Web-1-1000x743.jpg 1000w\" sizes=\"(max-width: 1024px) 100vw, 1024px\" \/>\t\t\t\t\t\t\t\t\t\t\t\t\t\t\t<\/div>\n\t\t\t\t<\/div>\n\t\t\t\t<div class=\"elementor-element elementor-element-7f5ddbe4 elementor-invisible elementor-widget elementor-widget-heading\" data-id=\"7f5ddbe4\" data-element_type=\"widget\" data-e-type=\"widget\" data-settings=\"{&quot;_animation&quot;:&quot;fadeInDown&quot;,&quot;wdt_animation_effect&quot;:&quot;none&quot;}\" data-widget_type=\"heading.default\">\n\t\t\t\t<div class=\"elementor-widget-container\">\n\t\t\t\t\t<h2 class=\"elementor-heading-title elementor-size-default\">Gutscheinbetr\u00e4ge<\/h2>\t\t\t\t<\/div>\n\t\t\t\t<\/div>\n\t\t\t\t<div class=\"elementor-element elementor-element-19fe31e7 elementor-invisible elementor-widget elementor-widget-text-editor\" data-id=\"19fe31e7\" data-element_type=\"widget\" data-e-type=\"widget\" data-settings=\"{&quot;_animation&quot;:&quot;fadeInDown&quot;,&quot;_animation_delay&quot;:100,&quot;wdt_animation_effect&quot;:&quot;none&quot;}\" data-widget_type=\"text-editor.default\">\n\t\t\t\t<div class=\"elementor-widget-container\">\n\t\t\t\t\t\t\t\t\t<p>\ud83c\udf3f <strong>Schenke Emotionen, schenke Freiheit<\/strong> \ud83c\udf3f<\/p><p>Suchen Sie ein unvergessliches Geschenk? Eine authentische Aktivit\u00e4t inmitten der Natur, die Leichtigkeit und ein Gef\u00fchl von Freiheit vermittelt? Entdecken Sie unsere <strong>Reitgutschein<\/strong> \u2013 das perfekte Geschenk f\u00fcr alle, die den Wind in den Haaren, einen langsamen Trab und Sonnenunterg\u00e4nge inmitten erholsamer Landschaften lieben.<\/p><p><strong>\ud83c\udf81 Was wir bieten:<\/strong><\/p><ul><li>Ausfl\u00fcge in die Natur mit erfahrenen F\u00fchrern, die daf\u00fcr sorgen, dass Sie sich sicher und wohl f\u00fchlen, auch wenn Sie noch nie auf einem Pferd geritten sind<\/li><li>Wir bieten Ihnen einen pers\u00f6nlichen Empfang und eine freundliche Atmosph\u00e4re. Dazu geh\u00f6rt auch ein Vergleich der Pferde auf Augenh\u00f6he und ein Feldtest, um Vertrauen zu gewinnen. Sie brechen erst auf, wenn Sie sich wohl f\u00fchlen.<\/li><li>M\u00f6glichkeit zum Hinzuf\u00fcgen der <strong>Gaucho-Mahlzeit<\/strong> mit Getr\u00e4nken inklusive, auch in vegetarischer Variante im Ranch-Bereich<\/li><\/ul><p>Perfekt f\u00fcr Geburtstage, Jahrestage, Valentinstag oder einfach um zu sagen: \u201eIch habe an dich gedacht.\u201c \ud83c\udfa0<\/p><h3 data-start=\"0\" data-end=\"37\">So funktioniert es (einfach und schnell)<\/h3><ol data-start=\"39\" data-end=\"685\"><li data-start=\"39\" data-end=\"207\"><p data-start=\"42\" data-end=\"207\"><strong data-start=\"42\" data-end=\"66\">Gib mir den Namen<\/strong><br data-start=\"66\" data-end=\"69\" \/>Senden Sie mir den Vor- und Nachnamen des Empf\u00e4ngers, eine Widmung (wenn Sie m\u00f6chten), Formel (Einzelperson\/Paar) und alle <strong data-start=\"177\" data-end=\"193\" data-is-only-node=\"\">Gaucho-Mahlzeit<\/strong> einschlie\u00dfen.<\/p><\/li><li data-start=\"209\" data-end=\"343\"><p data-start=\"212\" data-end=\"343\"><strong data-start=\"212\" data-end=\"235\">Ich schicke Ihnen den Gutschein<\/strong><br data-start=\"235\" data-end=\"238\" \/>Holen Sie sich die <strong data-start=\"251\" data-end=\"277\" data-is-only-node=\"\">personalisierter Gutschein<\/strong> (digital im PDF; Taschenbuch auf Anfrage) mit Code und Anleitung.<\/p><\/li><li data-start=\"345\" data-end=\"522\"><p data-start=\"348\" data-end=\"522\"><strong data-start=\"348\" data-end=\"391\">Wer es erh\u00e4lt, kontaktiert uns, um zu buchen<\/strong><br data-start=\"391\" data-end=\"394\" \/>Der Empf\u00e4nger schreibt\/ruft uns an, gibt den Gutscheincode an und vereinbart den Termin, wobei er die Route und Optionen (z. B. Gaucho-Mahlzeit) ausw\u00e4hlt.<\/p><\/li><li data-start=\"524\" data-end=\"685\"><p data-start=\"527\" data-end=\"685\"><strong data-start=\"527\" data-end=\"542\">Und es ist geschafft!<\/strong><br data-start=\"542\" data-end=\"545\" \/>Erlebnistag: <strong data-start=\"572\" data-end=\"598\" data-is-only-node=\"\">Begr\u00fc\u00dfung &amp; Einweisung<\/strong>, Feldtest, <strong data-start=\"616\" data-end=\"641\">Reiten<\/strong>; bei der R\u00fcckkehr, falls erwartet, <strong data-start=\"668\" data-end=\"684\">Gaucho-Mahlzeit<\/strong>.<\/p><\/li><\/ol>\t\t\t\t\t\t\t\t<\/div>\n\t\t\t\t<\/div>\n\t\t\t\t\t<\/div>\n\t\t<\/div>\n\t\t\t\t<div class=\"wdt-sticky-column elementor-column elementor-col-50 elementor-top-column elementor-element elementor-element-150d8671 elementor-invisible\" data-wdt-settings=\"{&quot;id&quot;:&quot;150d8671&quot;,&quot;sticky&quot;:true,&quot;topSpacing&quot;:50,&quot;bottomSpacing&quot;:50,&quot;stickyOn&quot;:[&quot;desktop&quot;,&quot;laptop&quot;,&quot;tablet_extra&quot;],&quot;overflowHidden&quot;:false}\" data-id=\"150d8671\" data-element_type=\"column\" data-e-type=\"column\" data-settings=\"{&quot;background_background&quot;:&quot;classic&quot;,&quot;animation&quot;:&quot;fadeInRight&quot;}\">\n\t\t\t<div class=\"elementor-widget-wrap elementor-element-populated\">\n\t\t\t\t\t\t<div class=\"elementor-element elementor-element-2ed503d5 elementor-widget elementor-widget-heading\" data-id=\"2ed503d5\" data-element_type=\"widget\" data-e-type=\"widget\" data-settings=\"{&quot;wdt_animation_effect&quot;:&quot;none&quot;}\" data-widget_type=\"heading.default\">\n\t\t\t\t<div class=\"elementor-widget-container\">\n\t\t\t\t\t<h4 class=\"elementor-heading-title elementor-size-default\">Gutschein kaufen! <\/h4>\t\t\t\t<\/div>\n\t\t\t\t<\/div>\n\t\t\t\t<div class=\"elementor-element elementor-element-36044d14 wdt-dark-bg wdt-custom-service-dt elementor-widget elementor-widget-shortcode\" data-id=\"36044d14\" data-element_type=\"widget\" data-e-type=\"widget\" data-settings=\"{&quot;wdt_animation_effect&quot;:&quot;none&quot;}\" data-widget_type=\"shortcode.default\">\n\t\t\t\t<div class=\"elementor-widget-container\">\n\t\t\t\t\t\t\t<div class=\"elementor-shortcode\">\n<div class=\"wpcf7 no-js\" id=\"wpcf7-f2286-o1\" lang=\"en-US\" dir=\"ltr\">\n<div class=\"screen-reader-response\"><p role=\"status\" aria-live=\"polite\" aria-atomic=\"true\"><\/p> <ul><\/ul><\/div>\n<form action=\"\/de\/wp-json\/wp\/v2\/pages\/2242#wpcf7-f2286-o1\" method=\"post\" class=\"wpcf7-form init\" aria-label=\"Contact form\" novalidate=\"novalidate\" data-status=\"init\" data-trp-original-action=\"\/de\/wp-json\/wp\/v2\/pages\/2242#wpcf7-f2286-o1\">\n<div style=\"display: none;\">\n<input type=\"hidden\" name=\"_wpcf7\" value=\"2286\" \/>\n<input type=\"hidden\" name=\"_wpcf7_version\" value=\"5.9.3\" \/>\n<input type=\"hidden\" name=\"_wpcf7_locale\" value=\"en_US\" \/>\n<input type=\"hidden\" name=\"_wpcf7_unit_tag\" value=\"wpcf7-f2286-o1\" \/>\n<input type=\"hidden\" name=\"_wpcf7_container_post\" value=\"0\" \/>\n<input type=\"hidden\" name=\"_wpcf7_posted_data_hash\" value=\"\" \/>\n<\/div>\n<p><span class=\"wpcf7-form-control-wrap\" data-name=\"your-name\"><input size=\"40\" class=\"wpcf7-form-control wpcf7-text wpcf7-validates-as-required\" aria-required=\"true\" aria-invalid=\"false\" placeholder=\"Name\" value=\"\" type=\"text\" name=\"your-name\" \/><\/span><br \/>\n<span class=\"wpcf7-form-control-wrap\" data-name=\"your-email\"><input size=\"40\" class=\"wpcf7-form-control wpcf7-email wpcf7-validates-as-required wpcf7-text wpcf7-validates-as-email\" aria-required=\"true\" aria-invalid=\"false\" placeholder=\"E-Mail\" value=\"\" type=\"email\" name=\"your-email\" \/><\/span><br \/>\n<span class=\"wpcf7-form-control-wrap\" data-name=\"tel-670\"><input size=\"40\" class=\"wpcf7-form-control wpcf7-tel wpcf7-text wpcf7-validates-as-tel\" aria-invalid=\"false\" placeholder=\"Mobile\" value=\"\" type=\"tel\" name=\"tel-670\" \/><\/span><br \/>\n<span class=\"wpcf7-form-control-wrap\" data-name=\"menu-11\"><select class=\"wpcf7-form-control wpcf7-select wpcf7-validates-as-required\" aria-required=\"true\" aria-invalid=\"false\" name=\"menu-11\"><option value=\"Ranch Experience\">Ranch-Erlebnis<\/option><option value=\"Scopri Experience\">Entdecken Sie die Erfahrung<\/option><option value=\"Esplora Experience\">Entdecken Sie die Erfahrung<\/option><option value=\"Vivi Experience\">Live-Erlebnis<\/option><option value=\"Respira Experience\">Atmen Sie die Erfahrung<\/option><\/select><\/span><br \/>\n<span class=\"wpcf7-form-control-wrap\" data-name=\"text-307\"><input size=\"40\" class=\"wpcf7-form-control wpcf7-text wpcf7-validates-as-required\" aria-required=\"true\" aria-invalid=\"false\" placeholder=\"Name des Beg\u00fcnstigten\" value=\"\" type=\"text\" name=\"text-307\" \/><\/span><br \/>\n<span class=\"wpcf7-form-control-wrap\" data-name=\"textarea-81\"><textarea cols=\"40\" rows=\"10\" class=\"wpcf7-form-control wpcf7-textarea\" aria-invalid=\"false\" placeholder=\"Jede personalisierte Nachricht\" name=\"textarea-81\"><\/textarea><\/span><br \/>\n<span class=\"wpcf7-form-control-wrap\" data-name=\"acceptance-592\"><span class=\"wpcf7-form-control wpcf7-acceptance optional\"><span class=\"wpcf7-list-item\"><label><input type=\"checkbox\" name=\"acceptance-592\" value=\"1\" aria-invalid=\"false\" \/><span class=\"wpcf7-list-item-label\">Ich habe die Allgemeinen Gesch\u00e4ftsbedingungen gelesen und akzeptiere sie.<\/span><\/label><\/span><\/span><\/span><br \/>\n<input class=\"wpcf7-form-control wpcf7-submit has-spinner\" type=\"submit\" value=\"Kontaktieren Sie uns\" \/>\n<\/p><div class=\"wpcf7-response-output\" aria-hidden=\"true\"><\/div>\n<input type=\"hidden\" name=\"trp-form-language\" value=\"de\"\/><\/form>\n<\/div>\n<\/div>\n\t\t\t\t\t\t<\/div>\n\t\t\t\t<\/div>\n\t\t\t\t<div class=\"elementor-element elementor-element-18c2e370 elementor-widget elementor-widget-heading\" data-id=\"18c2e370\" data-element_type=\"widget\" data-e-type=\"widget\" data-settings=\"{&quot;wdt_animation_effect&quot;:&quot;none&quot;}\" data-widget_type=\"heading.default\">\n\t\t\t\t<div class=\"elementor-widget-container\">\n\t\t\t\t\t<h4 class=\"elementor-heading-title elementor-size-default\">Kontaktinformationen<\/h4>\t\t\t\t<\/div>\n\t\t\t\t<\/div>\n\t\t\t\t<div class=\"elementor-element elementor-element-a0b5e2c elementor-widget__width-initial elementor-widget elementor-widget-text-editor\" data-id=\"a0b5e2c\" data-element_type=\"widget\" data-e-type=\"widget\" data-settings=\"{&quot;wdt_animation_effect&quot;:&quot;none&quot;}\" data-widget_type=\"text-editor.default\">\n\t\t\t\t<div class=\"elementor-widget-container\">\n\t\t\t\t\t\t\t\t\t<p>Ortschaft Civitella di Sellano n. 17,<\/p><p>06030 Sellano (PG) Italien<\/p>\t\t\t\t\t\t\t\t<\/div>\n\t\t\t\t<\/div>\n\t\t\t\t<div class=\"elementor-element elementor-element-106f0cb3 elementor-icon-list--layout-inline elementor-list-item-link-inline wdt-custom-iconlist-border elementor-widget elementor-widget-icon-list\" data-id=\"106f0cb3\" data-element_type=\"widget\" data-e-type=\"widget\" data-settings=\"{&quot;wdt_animation_effect&quot;:&quot;none&quot;}\" data-widget_type=\"icon-list.default\">\n\t\t\t\t<div class=\"elementor-widget-container\">\n\t\t\t\t\t\t\t<ul class=\"elementor-icon-list-items elementor-inline-items\">\n\t\t\t\t\t\t\t<li class=\"elementor-icon-list-item elementor-inline-item\">\n\t\t\t\t\t\t\t\t\t\t\t<a href=\"tel:+35243781451\">\n\n\t\t\t\t\t\t\t\t\t\t\t<span class=\"elementor-icon-list-text\">+39 345 242 7971<\/span>\n\t\t\t\t\t\t\t\t\t\t\t<\/a>\n\t\t\t\t\t\t\t\t\t<\/li>\n\t\t\t\t\t\t\t\t<li class=\"elementor-icon-list-item elementor-inline-item\">\n\t\t\t\t\t\t\t\t\t\t\t<a href=\"mailto:agencyluxem@gmail.com\">\n\n\t\t\t\t\t\t\t\t\t\t\t<span class=\"elementor-icon-list-text\">ranchgauchocivitella@gmail.com<\/span>\n\t\t\t\t\t\t\t\t\t\t\t<\/a>\n\t\t\t\t\t\t\t\t\t<\/li>\n\t\t\t\t\t\t<\/ul>\n\t\t\t\t\t\t<\/div>\n\t\t\t\t<\/div>\n\t\t\t\t<div class=\"elementor-element elementor-element-210c3c30 elementor-widget elementor-widget-heading\" data-id=\"210c3c30\" data-element_type=\"widget\" data-e-type=\"widget\" data-settings=\"{&quot;wdt_animation_effect&quot;:&quot;none&quot;}\" data-widget_type=\"heading.default\">\n\t\t\t\t<div class=\"elementor-widget-container\">\n\t\t\t\t\t<h4 class=\"elementor-heading-title elementor-size-default\"><a href=\"https:\/\/ranchgaucho.com\/de\/modalita-di-pagamento\/\">Zahlungsarten<\/a><\/h4>\t\t\t\t<\/div>\n\t\t\t\t<\/div>\n\t\t\t\t<div class=\"elementor-element elementor-element-a287b46 elementor-widget elementor-widget-heading\" data-id=\"a287b46\" data-element_type=\"widget\" data-e-type=\"widget\" data-settings=\"{&quot;wdt_animation_effect&quot;:&quot;none&quot;}\" data-widget_type=\"heading.default\">\n\t\t\t\t<div class=\"elementor-widget-container\">\n\t\t\t\t\t<h4 class=\"elementor-heading-title elementor-size-default\">Soziales Teilen:<\/h4>\t\t\t\t<\/div>\n\t\t\t\t<\/div>\n\t\t\t\t<div class=\"elementor-element elementor-element-c7b342c elementor-icon-list--layout-inline elementor-list-item-link-inline elementor-widget elementor-widget-icon-list\" data-id=\"c7b342c\" data-element_type=\"widget\" data-e-type=\"widget\" data-settings=\"{&quot;wdt_animation_effect&quot;:&quot;none&quot;}\" data-widget_type=\"icon-list.default\">\n\t\t\t\t<div class=\"elementor-widget-container\">\n\t\t\t\t\t\t\t<ul class=\"elementor-icon-list-items elementor-inline-items\">\n\t\t\t\t\t\t\t<li class=\"elementor-icon-list-item elementor-inline-item\">\n\t\t\t\t\t\t\t\t\t\t\t<a href=\"https:\/\/www.facebook.com\/ranchgauchocivitella\/\">\n\n\t\t\t\t\t\t\t\t\t\t\t\t<span class=\"elementor-icon-list-icon\">\n\t\t\t\t\t\t\t<i aria-hidden=\"true\" class=\"fab fa-facebook\"><\/i>\t\t\t\t\t\t<\/span>\n\t\t\t\t\t\t\t\t\t\t<span class=\"elementor-icon-list-text\"><\/span>\n\t\t\t\t\t\t\t\t\t\t\t<\/a>\n\t\t\t\t\t\t\t\t\t<\/li>\n\t\t\t\t\t\t\t\t<li class=\"elementor-icon-list-item elementor-inline-item\">\n\t\t\t\t\t\t\t\t\t\t\t<a href=\"#\">\n\n\t\t\t\t\t\t\t\t\t\t\t<span class=\"elementor-icon-list-text\">Also<\/span>\n\t\t\t\t\t\t\t\t\t\t\t<\/a>\n\t\t\t\t\t\t\t\t\t<\/li>\n\t\t\t\t\t\t\t\t<li class=\"elementor-icon-list-item elementor-inline-item\">\n\t\t\t\t\t\t\t\t\t\t\t<a href=\"https:\/\/twitter.com\">\n\n\t\t\t\t\t\t\t\t\t\t\t<span class=\"elementor-icon-list-text\">Tw<\/span>\n\t\t\t\t\t\t\t\t\t\t\t<\/a>\n\t\t\t\t\t\t\t\t\t<\/li>\n\t\t\t\t\t\t\t\t<li class=\"elementor-icon-list-item elementor-inline-item\">\n\t\t\t\t\t\t\t\t\t\t\t<a href=\"https:\/\/www.instagram.com\/\">\n\n\t\t\t\t\t\t\t\t\t\t\t<span class=\"elementor-icon-list-text\">In<\/span>\n\t\t\t\t\t\t\t\t\t\t\t<\/a>\n\t\t\t\t\t\t\t\t\t<\/li>\n\t\t\t\t\t\t<\/ul>\n\t\t\t\t\t\t<\/div>\n\t\t\t\t<\/div>\n\t\t\t\t<div class=\"elementor-element elementor-element-2f80559 elementor-widget elementor-widget-image\" data-id=\"2f80559\" data-element_type=\"widget\" data-e-type=\"widget\" data-settings=\"{&quot;wdt_animation_effect&quot;:&quot;none&quot;}\" data-widget_type=\"image.default\">\n\t\t\t\t<div class=\"elementor-widget-container\">\n\t\t\t\t\t\t\t\t\t\t\t\t\t\t\t<img decoding=\"async\" width=\"576\" height=\"1024\" src=\"https:\/\/ranchgaucho.com\/wp-content\/uploads\/2023\/12\/Immagine-WhatsApp-2025-07-09-ore-14.56.36_832fd914-576x1024.jpg\" class=\"attachment-large size-large wp-image-1887\" alt=\"\" srcset=\"https:\/\/ranchgaucho.com\/wp-content\/uploads\/2023\/12\/Immagine-WhatsApp-2025-07-09-ore-14.56.36_832fd914-576x1024.jpg 576w, https:\/\/ranchgaucho.com\/wp-content\/uploads\/2023\/12\/Immagine-WhatsApp-2025-07-09-ore-14.56.36_832fd914-169x300.jpg 169w, https:\/\/ranchgaucho.com\/wp-content\/uploads\/2023\/12\/Immagine-WhatsApp-2025-07-09-ore-14.56.36_832fd914-768x1365.jpg 768w, https:\/\/ranchgaucho.com\/wp-content\/uploads\/2023\/12\/Immagine-WhatsApp-2025-07-09-ore-14.56.36_832fd914-864x1536.jpg 864w, https:\/\/ranchgaucho.com\/wp-content\/uploads\/2023\/12\/Immagine-WhatsApp-2025-07-09-ore-14.56.36_832fd914-7x12.jpg 7w, https:\/\/ranchgaucho.com\/wp-content\/uploads\/2023\/12\/Immagine-WhatsApp-2025-07-09-ore-14.56.36_832fd914.jpg 900w\" sizes=\"(max-width: 576px) 100vw, 576px\" \/>\t\t\t\t\t\t\t\t\t\t\t\t\t\t\t<\/div>\n\t\t\t\t<\/div>\n\t\t\t\t\t<\/div>\n\t\t<\/div>\n\t\t\t\t\t<\/div>\n\t\t<\/section>\n\t\t\t\t<\/div>","protected":false},"excerpt":{"rendered":"<p>Voucher Regalo \ud83c\udf3f Regala emozioni, regala libert\u00e0 \ud83c\udf3f Stai cercando un regalo che lasci il segno? Un\u2019attivit\u00e0 autentica, in mezzo alla natura, che regali leggerezza e senso di libert\u00e0? Scopri i nostri Voucher Passeggiate a Cavallo \u2014 il dono perfetto per chi ama il vento fra i capelli, il trotterello lento, e i tramonti immersi [&hellip;]<\/p>","protected":false},"author":1,"featured_media":0,"parent":0,"menu_order":0,"comment_status":"closed","ping_status":"closed","template":"","meta":{"rs_blank_template":"","rs_page_bg_color":"","slide_template_v7":"","footnotes":""},"class_list":["post-2242","page","type-page","status-publish","hentry"],"_links":{"self":[{"href":"https:\/\/ranchgaucho.com\/de\/wp-json\/wp\/v2\/pages\/2242","targetHints":{"allow":["GET"]}}],"collection":[{"href":"https:\/\/ranchgaucho.com\/de\/wp-json\/wp\/v2\/pages"}],"about":[{"href":"https:\/\/ranchgaucho.com\/de\/wp-json\/wp\/v2\/types\/page"}],"author":[{"embeddable":true,"href":"https:\/\/ranchgaucho.com\/de\/wp-json\/wp\/v2\/users\/1"}],"replies":[{"embeddable":true,"href":"https:\/\/ranchgaucho.com\/de\/wp-json\/wp\/v2\/comments?post=2242"}],"version-history":[{"count":7,"href":"https:\/\/ranchgaucho.com\/de\/wp-json\/wp\/v2\/pages\/2242\/revisions"}],"predecessor-version":[{"id":2289,"href":"https:\/\/ranchgaucho.com\/de\/wp-json\/wp\/v2\/pages\/2242\/revisions\/2289"}],"wp:attachment":[{"href":"https:\/\/ranchgaucho.com\/de\/wp-json\/wp\/v2\/media?parent=2242"}],"curies":[{"name":"wp","href":"https:\/\/api.w.org\/{rel}","templated":true}]}}