{"id":1601,"date":"2025-02-09T09:17:57","date_gmt":"2025-02-09T09:17:57","guid":{"rendered":"https:\/\/ranchgaucho.com\/?page_id=1601"},"modified":"2025-05-05T07:34:46","modified_gmt":"2025-05-05T07:34:46","slug":"modalita-di-pagamento","status":"publish","type":"page","link":"https:\/\/ranchgaucho.com\/de\/modalita-di-pagamento\/","title":{"rendered":"Zahlungsarten"},"content":{"rendered":"<div data-elementor-type=\"wp-page\" data-elementor-id=\"1601\" class=\"elementor elementor-1601\" data-elementor-post-type=\"page\">\n\t\t\t\t\t\t<section class=\"elementor-section elementor-top-section elementor-element elementor-element-dce903a elementor-section-boxed elementor-section-height-default elementor-section-height-default\" data-id=\"dce903a\" data-element_type=\"section\" data-e-type=\"section\" data-settings=\"{&quot;wdt_bg_image&quot;:{&quot;url&quot;:&quot;&quot;,&quot;id&quot;:&quot;&quot;,&quot;size&quot;:&quot;&quot;},&quot;wdt_bg_image_laptop&quot;:{&quot;url&quot;:&quot;&quot;,&quot;id&quot;:&quot;&quot;,&quot;size&quot;:&quot;&quot;},&quot;wdt_bg_image_tablet_extra&quot;:{&quot;url&quot;:&quot;&quot;,&quot;id&quot;:&quot;&quot;,&quot;size&quot;:&quot;&quot;},&quot;wdt_bg_image_tablet&quot;:{&quot;url&quot;:&quot;&quot;,&quot;id&quot;:&quot;&quot;,&quot;size&quot;:&quot;&quot;},&quot;wdt_bg_image_mobile_extra&quot;:{&quot;url&quot;:&quot;&quot;,&quot;id&quot;:&quot;&quot;,&quot;size&quot;:&quot;&quot;},&quot;wdt_bg_image_mobile&quot;:{&quot;url&quot;:&quot;&quot;,&quot;id&quot;:&quot;&quot;,&quot;size&quot;:&quot;&quot;},&quot;wdt_bg_position&quot;:&quot;center center&quot;,&quot;wdt_animation_effect&quot;:&quot;none&quot;}\">\n\t\t\t\t\t\t<div class=\"elementor-container elementor-column-gap-default\">\n\t\t\t\t\t<div class=\"elementor-column elementor-col-100 elementor-top-column elementor-element elementor-element-7346c03\" data-id=\"7346c03\" data-element_type=\"column\" data-e-type=\"column\">\n\t\t\t<div class=\"elementor-widget-wrap elementor-element-populated\">\n\t\t\t\t\t\t<div class=\"elementor-element elementor-element-9f04ef5 elementor-widget-divider--view-line elementor-widget elementor-widget-divider\" data-id=\"9f04ef5\" data-element_type=\"widget\" data-e-type=\"widget\" data-settings=\"{&quot;wdt_animation_effect&quot;:&quot;none&quot;}\" data-widget_type=\"divider.default\">\n\t\t\t\t<div class=\"elementor-widget-container\">\n\t\t\t\t\t\t\t<div class=\"elementor-divider\">\n\t\t\t<span class=\"elementor-divider-separator\">\n\t\t\t\t\t\t<\/span>\n\t\t<\/div>\n\t\t\t\t\t\t<\/div>\n\t\t\t\t<\/div>\n\t\t\t\t\t<\/div>\n\t\t<\/div>\n\t\t\t\t\t<\/div>\n\t\t<\/section>\n\t\t\t\t<section class=\"elementor-section elementor-top-section elementor-element elementor-element-240d1f elementor-section-content-middle elementor-section-boxed elementor-section-height-default elementor-section-height-default\" data-id=\"240d1f\" data-element_type=\"section\" data-e-type=\"section\" data-settings=\"{&quot;wdt_bg_image&quot;:{&quot;url&quot;:&quot;&quot;,&quot;id&quot;:&quot;&quot;,&quot;size&quot;:&quot;&quot;},&quot;wdt_bg_image_laptop&quot;:{&quot;url&quot;:&quot;&quot;,&quot;id&quot;:&quot;&quot;,&quot;size&quot;:&quot;&quot;},&quot;wdt_bg_image_tablet_extra&quot;:{&quot;url&quot;:&quot;&quot;,&quot;id&quot;:&quot;&quot;,&quot;size&quot;:&quot;&quot;},&quot;wdt_bg_image_tablet&quot;:{&quot;url&quot;:&quot;&quot;,&quot;id&quot;:&quot;&quot;,&quot;size&quot;:&quot;&quot;},&quot;wdt_bg_image_mobile_extra&quot;:{&quot;url&quot;:&quot;&quot;,&quot;id&quot;:&quot;&quot;,&quot;size&quot;:&quot;&quot;},&quot;wdt_bg_image_mobile&quot;:{&quot;url&quot;:&quot;&quot;,&quot;id&quot;:&quot;&quot;,&quot;size&quot;:&quot;&quot;},&quot;wdt_bg_position&quot;:&quot;center center&quot;,&quot;wdt_animation_effect&quot;:&quot;none&quot;}\">\n\t\t\t\t\t\t<div class=\"elementor-container elementor-column-gap-no\">\n\t\t\t\t\t<div class=\"elementor-column elementor-col-100 elementor-top-column elementor-element elementor-element-391ee180\" data-id=\"391ee180\" data-element_type=\"column\" data-e-type=\"column\">\n\t\t\t<div class=\"elementor-widget-wrap elementor-element-populated\">\n\t\t\t\t\t\t<div class=\"elementor-element elementor-element-4ad0b0d8 elementor-widget elementor-widget-heading\" data-id=\"4ad0b0d8\" data-element_type=\"widget\" data-e-type=\"widget\" data-settings=\"{&quot;wdt_animation_effect&quot;:&quot;none&quot;}\" data-widget_type=\"heading.default\">\n\t\t\t\t<div class=\"elementor-widget-container\">\n\t\t\t\t\t<h3 class=\"elementor-heading-title elementor-size-default\">Zahlungsmethoden f\u00fcr den Pferdetrekking-Service<\/h3>\t\t\t\t<\/div>\n\t\t\t\t<\/div>\n\t\t\t\t<div class=\"elementor-element elementor-element-457d6576 elementor-widget elementor-widget-text-editor\" data-id=\"457d6576\" data-element_type=\"widget\" data-e-type=\"widget\" data-settings=\"{&quot;wdt_animation_effect&quot;:&quot;none&quot;}\" data-widget_type=\"text-editor.default\">\n\t\t\t\t<div class=\"elementor-widget-container\">\n\t\t\t\t\t\t\t\t\t<p>Um ein reibungsloses und angenehmes Erlebnis zu gew\u00e4hrleisten, bieten wir f\u00fcr unsere Pferdetrekking-Dienste mehrere Zahlungsoptionen an. Benutzer k\u00f6nnen aus den folgenden Optionen w\u00e4hlen:<\/p>\t\t\t\t\t\t\t\t<\/div>\n\t\t\t\t<\/div>\n\t\t\t\t<section class=\"elementor-section elementor-inner-section elementor-element elementor-element-3ae10798 elementor-section-boxed elementor-section-height-default elementor-section-height-default\" data-id=\"3ae10798\" data-element_type=\"section\" data-e-type=\"section\" data-settings=\"{&quot;wdt_bg_image&quot;:{&quot;url&quot;:&quot;&quot;,&quot;id&quot;:&quot;&quot;,&quot;size&quot;:&quot;&quot;},&quot;wdt_bg_image_laptop&quot;:{&quot;url&quot;:&quot;&quot;,&quot;id&quot;:&quot;&quot;,&quot;size&quot;:&quot;&quot;},&quot;wdt_bg_image_tablet_extra&quot;:{&quot;url&quot;:&quot;&quot;,&quot;id&quot;:&quot;&quot;,&quot;size&quot;:&quot;&quot;},&quot;wdt_bg_image_tablet&quot;:{&quot;url&quot;:&quot;&quot;,&quot;id&quot;:&quot;&quot;,&quot;size&quot;:&quot;&quot;},&quot;wdt_bg_image_mobile_extra&quot;:{&quot;url&quot;:&quot;&quot;,&quot;id&quot;:&quot;&quot;,&quot;size&quot;:&quot;&quot;},&quot;wdt_bg_image_mobile&quot;:{&quot;url&quot;:&quot;&quot;,&quot;id&quot;:&quot;&quot;,&quot;size&quot;:&quot;&quot;},&quot;wdt_bg_position&quot;:&quot;center center&quot;,&quot;wdt_animation_effect&quot;:&quot;none&quot;}\">\n\t\t\t\t\t\t<div class=\"elementor-container elementor-column-gap-default\">\n\t\t\t\t\t<div class=\"elementor-column elementor-col-50 elementor-inner-column elementor-element elementor-element-63b0af9\" data-id=\"63b0af9\" data-element_type=\"column\" data-e-type=\"column\">\n\t\t\t<div class=\"elementor-widget-wrap elementor-element-populated\">\n\t\t\t\t\t\t<div class=\"elementor-element elementor-element-604a618f elementor-widget elementor-widget-text-editor\" data-id=\"604a618f\" data-element_type=\"widget\" data-e-type=\"widget\" data-settings=\"{&quot;wdt_animation_effect&quot;:&quot;none&quot;}\" data-widget_type=\"text-editor.default\">\n\t\t\t\t<div class=\"elementor-widget-container\">\n\t\t\t\t\t\t\t\t\t<p><strong>Barzahlung<\/strong>: Die Bezahlung in bar ist direkt bei unserem Startpunkt am Ausflugstag m\u00f6glich. Diese Methode ist ideal f\u00fcr diejenigen, die Online-Zahlungen vermeiden m\u00f6chten.<\/p><p><strong>Bank\u00fcberweisung<\/strong>: F\u00fcr diejenigen, die eine traditionelle Zahlungsmethode bevorzugen, bieten wir die M\u00f6glichkeit einer Bank\u00fcberweisung. Bitte senden Sie den Zahlungsbeleg, um die Reservierung zu best\u00e4tigen. <strong>Alternativ k\u00f6nnen Sie vor Ort mit Sofort\u00fcberweisung bezahlen<\/strong>. Die Bankverbindung lautet:<\/p><ul><li>Eigent\u00fcmer: RANCH GAUCHO ASD-APS<\/li><li>IBAN: IT72O0760103000001068858164<\/li><li>Bank: Post\u00a0<\/li><li>Grund: \u201eReit-Trekking\u201c.<\/li><\/ul>\t\t\t\t\t\t\t\t<\/div>\n\t\t\t\t<\/div>\n\t\t\t\t\t<\/div>\n\t\t<\/div>\n\t\t\t\t<div class=\"elementor-column elementor-col-50 elementor-inner-column elementor-element elementor-element-63a98469\" data-id=\"63a98469\" data-element_type=\"column\" data-e-type=\"column\">\n\t\t\t<div class=\"elementor-widget-wrap elementor-element-populated\">\n\t\t\t\t\t\t<div class=\"elementor-element elementor-element-e4fab7 elementor-widget elementor-widget-text-editor\" data-id=\"e4fab7\" data-element_type=\"widget\" data-e-type=\"widget\" data-settings=\"{&quot;wdt_animation_effect&quot;:&quot;none&quot;}\" data-widget_type=\"text-editor.default\">\n\t\t\t\t<div class=\"elementor-widget-container\">\n\t\t\t\t\t\t\t\t\t<p><strong>Geschenkkarte<\/strong>: Wir bieten auch die M\u00f6glichkeit, Geschenkkarten zu erwerben, die als Zahlungsmittel f\u00fcr den Trekking-Service verwendet werden k\u00f6nnen. Diese Karten eignen sich perfekt als Geschenkidee f\u00fcr Natur- und Tierliebhaber.<\/p><p><strong>Online-Zahlung<\/strong> (<span style=\"text-decoration: underline;\">Dienst derzeit nicht verf\u00fcgbar<\/span>): Wir arbeiten daran, \u00fcber unsere Website einen Online-Zahlungsdienst zu aktivieren, der Kreditkarten (Visa, MasterCard, American Express) und PayPal akzeptiert.<\/p><p><strong>F\u00fcr weitere Informationen oder Hilfe zu den Zahlungsmethoden z\u00f6gern Sie bitte nicht, uns zu kontaktieren. Wir sind hier, um Ihr Trekking-Erlebnis unvergesslich zu machen!<\/strong><\/p>\t\t\t\t\t\t\t\t<\/div>\n\t\t\t\t<\/div>\n\t\t\t\t\t<\/div>\n\t\t<\/div>\n\t\t\t\t\t<\/div>\n\t\t<\/section>\n\t\t\t\t<div class=\"elementor-element elementor-element-55b2f74 elementor-widget-divider--view-line elementor-widget elementor-widget-divider\" data-id=\"55b2f74\" data-element_type=\"widget\" data-e-type=\"widget\" data-settings=\"{&quot;wdt_animation_effect&quot;:&quot;none&quot;}\" data-widget_type=\"divider.default\">\n\t\t\t\t<div class=\"elementor-widget-container\">\n\t\t\t\t\t\t\t<div class=\"elementor-divider\">\n\t\t\t<span class=\"elementor-divider-separator\">\n\t\t\t\t\t\t<\/span>\n\t\t<\/div>\n\t\t\t\t\t\t<\/div>\n\t\t\t\t<\/div>\n\t\t\t\t<div class=\"elementor-element elementor-element-63697103 elementor-widget elementor-widget-image\" data-id=\"63697103\" data-element_type=\"widget\" data-e-type=\"widget\" data-settings=\"{&quot;wdt_animation_effect&quot;:&quot;none&quot;}\" data-widget_type=\"image.default\">\n\t\t\t\t<div class=\"elementor-widget-container\">\n\t\t\t\t\t\t\t\t\t\t\t\t\t\t\t<img fetchpriority=\"high\" decoding=\"async\" width=\"2560\" height=\"1707\" src=\"https:\/\/ranchgaucho.com\/wp-content\/uploads\/2025\/02\/IMG_3573-scaled.jpg\" class=\"attachment-full size-full wp-image-1603\" alt=\"\" srcset=\"https:\/\/ranchgaucho.com\/wp-content\/uploads\/2025\/02\/IMG_3573-scaled.jpg 2560w, https:\/\/ranchgaucho.com\/wp-content\/uploads\/2025\/02\/IMG_3573-300x200.jpg 300w, https:\/\/ranchgaucho.com\/wp-content\/uploads\/2025\/02\/IMG_3573-1024x683.jpg 1024w, https:\/\/ranchgaucho.com\/wp-content\/uploads\/2025\/02\/IMG_3573-768x512.jpg 768w, https:\/\/ranchgaucho.com\/wp-content\/uploads\/2025\/02\/IMG_3573-1536x1024.jpg 1536w, https:\/\/ranchgaucho.com\/wp-content\/uploads\/2025\/02\/IMG_3573-2048x1365.jpg 2048w, https:\/\/ranchgaucho.com\/wp-content\/uploads\/2025\/02\/IMG_3573-1000x667.jpg 1000w\" sizes=\"(max-width: 2560px) 100vw, 2560px\" \/>\t\t\t\t\t\t\t\t\t\t\t\t\t\t\t<\/div>\n\t\t\t\t<\/div>\n\t\t\t\t\t<\/div>\n\t\t<\/div>\n\t\t\t\t\t<\/div>\n\t\t<\/section>\n\t\t\t\t<\/div>","protected":false},"excerpt":{"rendered":"<p>Zahlungsmethoden f\u00fcr Reittrekking-Services Um ein angenehmes und reibungsloses Erlebnis zu gew\u00e4hrleisten, bieten wir verschiedene Zahlungsmethoden f\u00fcr unsere Reittrekking-Services an. Benutzer k\u00f6nnen aus folgenden Optionen w\u00e4hlen: Barzahlung: Sie k\u00f6nnen am Tag des Ausflugs direkt an unserem Abfahrtsort in bar bezahlen. [\u2026]<\/p>","protected":false},"author":1,"featured_media":0,"parent":0,"menu_order":0,"comment_status":"closed","ping_status":"closed","template":"","meta":{"rs_blank_template":"","rs_page_bg_color":"","slide_template_v7":"","footnotes":""},"class_list":["post-1601","page","type-page","status-publish","hentry"],"_links":{"self":[{"href":"https:\/\/ranchgaucho.com\/de\/wp-json\/wp\/v2\/pages\/1601","targetHints":{"allow":["GET"]}}],"collection":[{"href":"https:\/\/ranchgaucho.com\/de\/wp-json\/wp\/v2\/pages"}],"about":[{"href":"https:\/\/ranchgaucho.com\/de\/wp-json\/wp\/v2\/types\/page"}],"author":[{"embeddable":true,"href":"https:\/\/ranchgaucho.com\/de\/wp-json\/wp\/v2\/users\/1"}],"replies":[{"embeddable":true,"href":"https:\/\/ranchgaucho.com\/de\/wp-json\/wp\/v2\/comments?post=1601"}],"version-history":[{"count":10,"href":"https:\/\/ranchgaucho.com\/de\/wp-json\/wp\/v2\/pages\/1601\/revisions"}],"predecessor-version":[{"id":1655,"href":"https:\/\/ranchgaucho.com\/de\/wp-json\/wp\/v2\/pages\/1601\/revisions\/1655"}],"wp:attachment":[{"href":"https:\/\/ranchgaucho.com\/de\/wp-json\/wp\/v2\/media?parent=1601"}],"curies":[{"name":"wp","href":"https:\/\/api.w.org\/{rel}","templated":true}]}}